{"id":976,"date":"2018-07-15T17:08:43","date_gmt":"2018-07-15T15:08:43","guid":{"rendered":"http:\/\/localhost\/stonewp\/?page_id=976"},"modified":"2018-07-15T17:12:54","modified_gmt":"2018-07-15T15:12:54","slug":"was-ist-tfp","status":"publish","type":"page","link":"https:\/\/www.stonetape.com\/stonewp\/was-ist-tfp\/","title":{"rendered":"Was ist &#8222;TFP&#8220;?"},"content":{"rendered":"<p><strong>&#8222;TFP&#8220; steht f\u00fcr &#8222;Time for Pictures&#8220;<\/strong><\/p>\n<\/p>\n<p>Model und Fotograf stellen sich und ihre Arbeitszeit zur Verf\u00fcgung<br \/>\nund bekommen als Ausgleich die gleichen Ver\u00f6ffentlichungs- und Nutzungsrechte.<\/p>\n<\/p>\n<p>Konkret bedeutet das: Es erfolgt keine Bezahlung mittels Geld.<\/p>\n<\/p>\n<p> Als Model erh\u00e4lst du als &#8222;Bezahlung&#8220;<br \/>\nbei einem \u00fcblichen Shooting mit 5-8 Stunden<br \/>\nca. 10-25 bearbeitete Bilder in Digitaler Form,<br \/>\ndie fast frei nach eigenen W\u00fcnschen<br \/>\nver\u00f6ffentlicht, genutzt und verwertet werden d\u00fcrfen.<\/p>\n<\/p>\n<p> Ich als Fotograf trage die Grundkosten des Shootings<br \/>\nund erhalte als Kostenersatz die selben Fotos und Rechte.<\/p>\n<\/p>\n<p>Die genauen Bedingungen, Rechte und M\u00f6glichkeiten werden in einem schriftlichen Vertrag festgehalten. <\/p>\n","protected":false},"excerpt":{"rendered":"<p>&#8222;TFP&#8220; steht f\u00fcr &#8222;Time for Pictures&#8220; Model und Fotograf stellen sich und ihre Arbeitszeit zur Verf\u00fcgung und bekommen als Ausgleich die gleichen Ver\u00f6ffentlichungs- und Nutzungsrechte. Konkret bedeutet das: Es erfolgt keine Bezahlung mittels Geld. Als Model erh\u00e4lst du als &#8222;Bezahlung&#8220; bei einem \u00fcblichen Shooting mit 5-8 Stunden ca. 10-25 bearbeitete Bilder in Digitaler Form, die [&hellip;]<\/p>\n","protected":false},"author":1,"featured_media":0,"parent":0,"menu_order":0,"comment_status":"closed","ping_status":"closed","template":"","meta":{"footnotes":""},"_links":{"self":[{"href":"https:\/\/www.stonetape.com\/stonewp\/wp-json\/wp\/v2\/pages\/976"}],"collection":[{"href":"https:\/\/www.stonetape.com\/stonewp\/wp-json\/wp\/v2\/pages"}],"about":[{"href":"https:\/\/www.stonetape.com\/stonewp\/wp-json\/wp\/v2\/types\/page"}],"author":[{"embeddable":true,"href":"https:\/\/www.stonetape.com\/stonewp\/wp-json\/wp\/v2\/users\/1"}],"replies":[{"embeddable":true,"href":"https:\/\/www.stonetape.com\/stonewp\/wp-json\/wp\/v2\/comments?post=976"}],"version-history":[{"count":3,"href":"https:\/\/www.stonetape.com\/stonewp\/wp-json\/wp\/v2\/pages\/976\/revisions"}],"predecessor-version":[{"id":979,"href":"https:\/\/www.stonetape.com\/stonewp\/wp-json\/wp\/v2\/pages\/976\/revisions\/979"}],"wp:attachment":[{"href":"https:\/\/www.stonetape.com\/stonewp\/wp-json\/wp\/v2\/media?parent=976"}],"curies":[{"name":"wp","href":"https:\/\/api.w.org\/{rel}","templated":true}]}}