{"id":31,"date":"2018-02-12T15:18:20","date_gmt":"2018-02-12T14:18:20","guid":{"rendered":"http:\/\/localhost\/stonewp\/?page_id=31"},"modified":"2018-07-17T21:19:44","modified_gmt":"2018-07-17T19:19:44","slug":"bio","status":"publish","type":"page","link":"https:\/\/www.stonetape.com\/stonewp\/bio\/","title":{"rendered":"BIO"},"content":{"rendered":"<p><strong>Wer steht hinter Stonetape Art and Craft?<\/strong><\/p>\n<p><img loading=\"lazy\" decoding=\"async\" src=\"https:\/\/www.stonetape.com\/stonewp\/wp-content\/uploads\/2018\/07\/32626977_10204517796740323_4556949963069718528_n.jpg\" alt=\"\" width=\"250\" height=\"250\" class=\"alignnone size-full wp-image-929\" srcset=\"https:\/\/www.stonetape.com\/stonewp\/wp-content\/uploads\/2018\/07\/32626977_10204517796740323_4556949963069718528_n.jpg 960w, https:\/\/www.stonetape.com\/stonewp\/wp-content\/uploads\/2018\/07\/32626977_10204517796740323_4556949963069718528_n-150x150.jpg 150w, https:\/\/www.stonetape.com\/stonewp\/wp-content\/uploads\/2018\/07\/32626977_10204517796740323_4556949963069718528_n-300x300.jpg 300w, https:\/\/www.stonetape.com\/stonewp\/wp-content\/uploads\/2018\/07\/32626977_10204517796740323_4556949963069718528_n-768x768.jpg 768w, https:\/\/www.stonetape.com\/stonewp\/wp-content\/uploads\/2018\/07\/32626977_10204517796740323_4556949963069718528_n-210x210.jpg 210w\" sizes=\"(max-width: 250px) 100vw, 250px\" \/><\/p>\n<ul>\n<li>Andreas Doppel wurde 1981 im oberfr\u00e4nkischen Kronach geboren.<\/li>\n<li>Bereits zur Schulzeit zeigte sich sein Interesse f\u00fcr Kunst &#8211; hier noch haupts\u00e4chlich im Bereich der Bleistiftzeichnung und Acrylmalerei.<\/li>\n<li>Neben dem Architekturstudium entwickelte er als Autodidakt seine Leidenschaft f\u00fcr die Fotografie. <\/li>\n<li>Bereits von Anfang an war auch die Erstellung eigener Requisiten ein wichtiger Bestandteil seines k\u00fcnstlerischen Schaffens.<\/li>\n<li>Ab 2005 begann er mit Fotoshootings im Bereich der inszenierenden Kunst- und Aktfotographie.<\/li>\n<li>Ab 2014 f\u00fcgte sich Schmuckdesigns &#8211; bevorzugt im Medium des Perlenschmucks &#8211; als Schwerpunkt seines kreativen Schaffens hinzu.<\/li>\n<li>2016 verlagerte er sein Hobbystudio von Kronach nach Ipsheim (Landkreis Neustadt a.d. Aisch &#8211; Bad Windsheim)<\/li>\n<li>\nAb 2018 wurden von ihm auch erstmals eigene Kost\u00fcme gen\u00e4ht, nachdem er bisher\u00a0 vorhandene Kleidungsst\u00fccke nur modifiziert hatte.<\/li>\n<\/ul>\n","protected":false},"excerpt":{"rendered":"<p>Wer steht hinter Stonetape Art and Craft? Andreas Doppel wurde 1981 im oberfr\u00e4nkischen Kronach geboren. Bereits zur Schulzeit zeigte sich sein Interesse f\u00fcr Kunst &#8211; hier noch haupts\u00e4chlich im Bereich der Bleistiftzeichnung und Acrylmalerei. Neben dem Architekturstudium entwickelte er als Autodidakt seine Leidenschaft f\u00fcr die Fotografie. Bereits von Anfang an war auch die Erstellung eigener [&hellip;]<\/p>\n","protected":false},"author":1,"featured_media":0,"parent":0,"menu_order":0,"comment_status":"closed","ping_status":"closed","template":"","meta":{"footnotes":""},"_links":{"self":[{"href":"https:\/\/www.stonetape.com\/stonewp\/wp-json\/wp\/v2\/pages\/31"}],"collection":[{"href":"https:\/\/www.stonetape.com\/stonewp\/wp-json\/wp\/v2\/pages"}],"about":[{"href":"https:\/\/www.stonetape.com\/stonewp\/wp-json\/wp\/v2\/types\/page"}],"author":[{"embeddable":true,"href":"https:\/\/www.stonetape.com\/stonewp\/wp-json\/wp\/v2\/users\/1"}],"replies":[{"embeddable":true,"href":"https:\/\/www.stonetape.com\/stonewp\/wp-json\/wp\/v2\/comments?post=31"}],"version-history":[{"count":16,"href":"https:\/\/www.stonetape.com\/stonewp\/wp-json\/wp\/v2\/pages\/31\/revisions"}],"predecessor-version":[{"id":1126,"href":"https:\/\/www.stonetape.com\/stonewp\/wp-json\/wp\/v2\/pages\/31\/revisions\/1126"}],"wp:attachment":[{"href":"https:\/\/www.stonetape.com\/stonewp\/wp-json\/wp\/v2\/media?parent=31"}],"curies":[{"name":"wp","href":"https:\/\/api.w.org\/{rel}","templated":true}]}}