{"id":1440,"date":"2023-08-24T18:23:16","date_gmt":"2023-08-24T16:23:16","guid":{"rendered":"https:\/\/www.stonetape.com\/stonewp\/?page_id=1440"},"modified":"2023-08-24T18:23:16","modified_gmt":"2023-08-24T16:23:16","slug":"photoart-subcutan","status":"publish","type":"page","link":"https:\/\/www.stonetape.com\/stonewp\/photoart-subcutan\/","title":{"rendered":"Photoart &#8222;Subcutan&#8220;"},"content":{"rendered":"\n<p>Tattoos in Szene gesetzt.<\/p>\n\n\n\n<p><img loading=\"lazy\" decoding=\"async\" width=\"641\" height=\"1000\" class=\"wp-image-1434\" style=\"width: 150px;\" src=\"https:\/\/www.stonetape.com\/stonewp\/wp-content\/uploads\/2023\/01\/1L0A6031.jpg\" alt=\"\" srcset=\"https:\/\/www.stonetape.com\/stonewp\/wp-content\/uploads\/2023\/01\/1L0A6031.jpg 641w, https:\/\/www.stonetape.com\/stonewp\/wp-content\/uploads\/2023\/01\/1L0A6031-192x300.jpg 192w, https:\/\/www.stonetape.com\/stonewp\/wp-content\/uploads\/2023\/01\/1L0A6031-135x210.jpg 135w\" sizes=\"(max-width: 641px) 100vw, 641px\" \/><img loading=\"lazy\" decoding=\"async\" width=\"650\" height=\"1000\" class=\"wp-image-1435\" style=\"width: 150px;\" src=\"https:\/\/www.stonetape.com\/stonewp\/wp-content\/uploads\/2023\/01\/1L0A0908.jpg\" alt=\"\" srcset=\"https:\/\/www.stonetape.com\/stonewp\/wp-content\/uploads\/2023\/01\/1L0A0908.jpg 650w, https:\/\/www.stonetape.com\/stonewp\/wp-content\/uploads\/2023\/01\/1L0A0908-195x300.jpg 195w, https:\/\/www.stonetape.com\/stonewp\/wp-content\/uploads\/2023\/01\/1L0A0908-137x210.jpg 137w\" sizes=\"(max-width: 650px) 100vw, 650px\" \/><img loading=\"lazy\" decoding=\"async\" width=\"641\" height=\"1000\" class=\"wp-image-1436\" style=\"width: 150px;\" src=\"https:\/\/www.stonetape.com\/stonewp\/wp-content\/uploads\/2023\/01\/1L0A6029.jpg\" alt=\"\" srcset=\"https:\/\/www.stonetape.com\/stonewp\/wp-content\/uploads\/2023\/01\/1L0A6029.jpg 641w, https:\/\/www.stonetape.com\/stonewp\/wp-content\/uploads\/2023\/01\/1L0A6029-192x300.jpg 192w, https:\/\/www.stonetape.com\/stonewp\/wp-content\/uploads\/2023\/01\/1L0A6029-135x210.jpg 135w\" sizes=\"(max-width: 641px) 100vw, 641px\" \/><img loading=\"lazy\" decoding=\"async\" width=\"646\" height=\"1000\" class=\"wp-image-1442\" style=\"width: 150px;\" src=\"https:\/\/www.stonetape.com\/stonewp\/wp-content\/uploads\/2023\/08\/5D4_7320.jpg\" alt=\"\" srcset=\"https:\/\/www.stonetape.com\/stonewp\/wp-content\/uploads\/2023\/08\/5D4_7320.jpg 646w, https:\/\/www.stonetape.com\/stonewp\/wp-content\/uploads\/2023\/08\/5D4_7320-194x300.jpg 194w, https:\/\/www.stonetape.com\/stonewp\/wp-content\/uploads\/2023\/08\/5D4_7320-136x210.jpg 136w\" sizes=\"(max-width: 646px) 100vw, 646px\" \/><\/p>\n\n\n\n<p>Du bist weiblich und \u00fcber 18? Du hast Tattoos? Du hast kein Problem mit Teilakt(&#8222;Oben-Ohne&#8220;)?<br>&#8230;.und du h\u00e4ttest gerne mal ein paar au\u00dfergew\u00f6hnliche Fotos von dir und deinen Tattoos?<\/p>\n\n\n\n<p>Dann schau auf meine Info Seite zu TFP-Shootings! <a href=\"https:\/\/www.stonetape.com\/stonewp\/interesse-model-zu-stehen\/\" data-type=\"page\" data-id=\"1072\">Interesse auch mal Model zu stehen?<\/a><\/p>\n","protected":false},"excerpt":{"rendered":"<p>Tattoos in Szene gesetzt. Du bist weiblich und \u00fcber 18? Du hast Tattoos? Du hast kein Problem mit Teilakt(&#8222;Oben-Ohne&#8220;)?&#8230;.und du h\u00e4ttest gerne mal ein paar au\u00dfergew\u00f6hnliche Fotos von dir und deinen Tattoos? Dann schau auf meine Info Seite zu TFP-Shootings! Interesse auch mal Model zu stehen?<\/p>\n","protected":false},"author":1,"featured_media":0,"parent":0,"menu_order":0,"comment_status":"closed","ping_status":"closed","template":"","meta":{"footnotes":""},"_links":{"self":[{"href":"https:\/\/www.stonetape.com\/stonewp\/wp-json\/wp\/v2\/pages\/1440"}],"collection":[{"href":"https:\/\/www.stonetape.com\/stonewp\/wp-json\/wp\/v2\/pages"}],"about":[{"href":"https:\/\/www.stonetape.com\/stonewp\/wp-json\/wp\/v2\/types\/page"}],"author":[{"embeddable":true,"href":"https:\/\/www.stonetape.com\/stonewp\/wp-json\/wp\/v2\/users\/1"}],"replies":[{"embeddable":true,"href":"https:\/\/www.stonetape.com\/stonewp\/wp-json\/wp\/v2\/comments?post=1440"}],"version-history":[{"count":2,"href":"https:\/\/www.stonetape.com\/stonewp\/wp-json\/wp\/v2\/pages\/1440\/revisions"}],"predecessor-version":[{"id":1443,"href":"https:\/\/www.stonetape.com\/stonewp\/wp-json\/wp\/v2\/pages\/1440\/revisions\/1443"}],"wp:attachment":[{"href":"https:\/\/www.stonetape.com\/stonewp\/wp-json\/wp\/v2\/media?parent=1440"}],"curies":[{"name":"wp","href":"https:\/\/api.w.org\/{rel}","templated":true}]}}