{"id":1055,"date":"2018-07-16T19:01:14","date_gmt":"2018-07-16T17:01:14","guid":{"rendered":"http:\/\/localhost\/stonewp\/?page_id=1055"},"modified":"2022-10-22T05:51:42","modified_gmt":"2022-10-22T03:51:42","slug":"fotography","status":"publish","type":"page","link":"https:\/\/www.stonetape.com\/stonewp\/fotography\/","title":{"rendered":"PHOTOGRAPHY"},"content":{"rendered":"<h3><span style=\"color: #999999;\">Zum Ende meiner Schulzeit wollte ich eigene Vorlagen f\u00fcr meine Malerei schaffen.<\/span><br \/>\n<span style=\"color: #999999;\">Ich fragte Freundinnen, ob sie f\u00fcr Fotos Model stehen w\u00fcrden,<\/span><br \/>\n<span style=\"color: #999999;\">die ich dann in Gem\u00e4lde und Zeichnungen &#8222;annonym&#8220; umsetzen w\u00fcrde.<\/span><br \/>\n<span style=\"color: #999999;\">Ein paar waren so nett mir diesen Gefallen zu tun.<\/span><\/h3>\n<h3><span style=\"color: #999999;\">Nachdem ich 2002 mit meinem Studium der Architektur begonnen hatte,<\/span><br \/>\n<span style=\"color: #999999;\">merkte ich schnell, das immer seltener Zeit f\u00fcr die Malerei blieb.<\/span><br \/>\n<span style=\"color: #999999;\">Aber das Fotografieren machte immer mehr Spa\u00df und konnte Zeitlich besser eingeplant werden.<\/span><br \/>\n<span style=\"color: #999999;\">So verlagerte sich mein Drang nach Kreativit\u00e4t immer st\u00e4rker darauf.<\/span><\/h3>\n<h3><span style=\"color: #999999;\">2005 fing ich an mit Amateur und Semiproffesionellen Modelen zu shooten.<\/span><\/h3>\n","protected":false},"excerpt":{"rendered":"<p>Zum Ende meiner Schulzeit wollte ich eigene Vorlagen f\u00fcr meine Malerei schaffen. Ich fragte Freundinnen, ob sie f\u00fcr Fotos Model stehen w\u00fcrden, die ich dann in Gem\u00e4lde und Zeichnungen &#8222;annonym&#8220; umsetzen w\u00fcrde. Ein paar waren so nett mir diesen Gefallen zu tun. Nachdem ich 2002 mit meinem Studium der Architektur begonnen hatte, merkte ich schnell, [&hellip;]<\/p>\n","protected":false},"author":1,"featured_media":0,"parent":0,"menu_order":0,"comment_status":"closed","ping_status":"closed","template":"","meta":{"footnotes":""},"_links":{"self":[{"href":"https:\/\/www.stonetape.com\/stonewp\/wp-json\/wp\/v2\/pages\/1055"}],"collection":[{"href":"https:\/\/www.stonetape.com\/stonewp\/wp-json\/wp\/v2\/pages"}],"about":[{"href":"https:\/\/www.stonetape.com\/stonewp\/wp-json\/wp\/v2\/types\/page"}],"author":[{"embeddable":true,"href":"https:\/\/www.stonetape.com\/stonewp\/wp-json\/wp\/v2\/users\/1"}],"replies":[{"embeddable":true,"href":"https:\/\/www.stonetape.com\/stonewp\/wp-json\/wp\/v2\/comments?post=1055"}],"version-history":[{"count":7,"href":"https:\/\/www.stonetape.com\/stonewp\/wp-json\/wp\/v2\/pages\/1055\/revisions"}],"predecessor-version":[{"id":1398,"href":"https:\/\/www.stonetape.com\/stonewp\/wp-json\/wp\/v2\/pages\/1055\/revisions\/1398"}],"wp:attachment":[{"href":"https:\/\/www.stonetape.com\/stonewp\/wp-json\/wp\/v2\/media?parent=1055"}],"curies":[{"name":"wp","href":"https:\/\/api.w.org\/{rel}","templated":true}]}}