{"id":1053,"date":"2018-07-16T19:01:04","date_gmt":"2018-07-16T17:01:04","guid":{"rendered":"http:\/\/localhost\/stonewp\/?page_id=1053"},"modified":"2018-07-17T21:29:32","modified_gmt":"2018-07-17T19:29:32","slug":"art","status":"publish","type":"page","link":"https:\/\/www.stonetape.com\/stonewp\/art\/","title":{"rendered":"ART"},"content":{"rendered":"<h3><span style=\"color: #999999;\">Vor der Fotografie war die Malerei.<\/span><br \/>\n<span style=\"color: #999999;\">Das ist gleicherma\u00dfen richtig f\u00fcr die globale, als auch meine eigene Historie.<\/span><\/h3>\n<h3><span style=\"color: #999999;\">Angefangen habe ich mit Bleistiftzeichnungen, sp\u00e4ter in Kombination mit Kohle\/Graphit Wischtechnik.<\/span><br \/>\n<span style=\"color: #999999;\">Dank Tempara und Acryl kam schlie\u00dflich Farbe ins Spiel.<\/span><\/h3>\n<h3><span style=\"color: #999999;\">Auf den folgenden Seiten, k\u00f6nnt ihr ein paar meiner Bilder sehen.<\/span><\/h3>\n<p>&#8211; <a href=\"https:\/\/www.stonetape.com\/stonewp\/art-bleistift-und-kohle\/\">Bleistift und Kohle<\/a><\/p>\n<p>&#8211; <a href=\"https:\/\/www.stonetape.com\/stonewp\/art-acryl\/\">Acryl und Tempera<\/a><\/p>\n<p>&#8211; <a href=\"https:\/\/www.stonetape.com\/stonewp\/artstift\/\">Stiftgem\u00e4lde<\/a><\/p>\n","protected":false},"excerpt":{"rendered":"<p>Vor der Fotografie war die Malerei. Das ist gleicherma\u00dfen richtig f\u00fcr die globale, als auch meine eigene Historie. Angefangen habe ich mit Bleistiftzeichnungen, sp\u00e4ter in Kombination mit Kohle\/Graphit Wischtechnik. Dank Tempara und Acryl kam schlie\u00dflich Farbe ins Spiel. Auf den folgenden Seiten, k\u00f6nnt ihr ein paar meiner Bilder sehen. &#8211; Bleistift und Kohle &#8211; Acryl [&hellip;]<\/p>\n","protected":false},"author":1,"featured_media":0,"parent":0,"menu_order":0,"comment_status":"closed","ping_status":"closed","template":"","meta":{"footnotes":""},"_links":{"self":[{"href":"https:\/\/www.stonetape.com\/stonewp\/wp-json\/wp\/v2\/pages\/1053"}],"collection":[{"href":"https:\/\/www.stonetape.com\/stonewp\/wp-json\/wp\/v2\/pages"}],"about":[{"href":"https:\/\/www.stonetape.com\/stonewp\/wp-json\/wp\/v2\/types\/page"}],"author":[{"embeddable":true,"href":"https:\/\/www.stonetape.com\/stonewp\/wp-json\/wp\/v2\/users\/1"}],"replies":[{"embeddable":true,"href":"https:\/\/www.stonetape.com\/stonewp\/wp-json\/wp\/v2\/comments?post=1053"}],"version-history":[{"count":8,"href":"https:\/\/www.stonetape.com\/stonewp\/wp-json\/wp\/v2\/pages\/1053\/revisions"}],"predecessor-version":[{"id":1144,"href":"https:\/\/www.stonetape.com\/stonewp\/wp-json\/wp\/v2\/pages\/1053\/revisions\/1144"}],"wp:attachment":[{"href":"https:\/\/www.stonetape.com\/stonewp\/wp-json\/wp\/v2\/media?parent=1053"}],"curies":[{"name":"wp","href":"https:\/\/api.w.org\/{rel}","templated":true}]}}